{"id":4367,"date":"2022-12-16T20:54:55","date_gmt":"2022-12-16T20:54:55","guid":{"rendered":"https:\/\/www.manosgerakinis.com\/parfums\/product\/pivoine\/"},"modified":"2026-02-26T15:43:32","modified_gmt":"2026-02-26T15:43:32","slug":"pivoine","status":"publish","type":"product","link":"https:\/\/www.manosgerakinis.com\/parfums\/de\/produkt\/pivoine\/","title":{"rendered":"PIVOINE"},"content":{"rendered":"<p>PIVOINE ist der pfingstrose gewidmet, einer \u00fcppig aussehenden blume, die im sp\u00e4ten fr\u00fchjahr spektakul\u00e4r bl\u00fcht. Einer volkst\u00fcmlichen erz\u00e4hlung zufolge wurde die blume nach Paeon benannt, dem arzt der griechischen g\u00f6tter, der Pluto heilte und damit seinen lehrer Asklepios, den Gott der medizin, ver\u00e4rgerte. Der eifers\u00fcchtige Asklepios drohte, Paeon zu t\u00f6ten, den Zeus rettete, indem er ihn in eine pfingstrose verwandelte. Pfingstrosen wachsen seit tausenden von jahren in gem\u00e4\u00dfigten klimazonen und werden seit jeher f\u00fcr ihre au\u00dfergew\u00f6hnliche sch\u00f6nheit, ihr feines aroma und ihre heilenden eigenschaften verehrt.<\/p>\n<p>PIVOINE enth\u00e4lt einen zentralen pfingstrosen-akkord (die bl\u00fcte gibt ihre essenz nicht her, so dass ihr aroma mit anderen rohstoffen nachgebildet werden muss), der zart und doch anhaltend ist und frische, rosige und leicht s\u00fc\u00dfe t\u00f6ne verstr\u00f6mt. Mit saftigem apfel, sinnlichen blumen und weichem veloursleder ist PIVOINE eine bemerkenswert geschlechtsneutrale interpretation der gleichnamigen blume.<\/p>\n<p>Hergestellt in Griechenland mit alkohol auf pflanzenbasis.<\/p>\n","protected":false},"excerpt":{"rendered":"<p>PIVOINE zeichnet sich durch einen zentralen pfingstrosen-akkord aus (die bl\u00fcte gibt ihre essenz nicht her, daher muss ihr aroma mit anderen rohstoffen nachgebildet werden), der zart und doch anhaltend ist und frische, rosige und leicht s\u00fc\u00dfe t\u00f6ne verstr\u00f6mt.<\/p>\n","protected":false},"featured_media":4819,"comment_status":"open","ping_status":"closed","template":"","meta":[],"product_cat":[416,416,413,413],"product_tag":[],"class_list":{"0":"post-4367","1":"product","2":"type-product","3":"status-publish","4":"has-post-thumbnail","5":"hentry","6":"product_cat-heritage-kollektion-de","8":"product_cat-parfums-de"},"acf":[],"yoast_head":"<!-- This site is optimized with the Yoast SEO plugin v25.8 - https:\/\/yoast.com\/wordpress\/plugins\/seo\/ -->\n<title>PIVOINE - Manos Gerakinis Parfums<\/title>\n<meta name=\"robots\" content=\"index, follow, max-snippet:-1, max-image-preview:large, max-video-preview:-1\" \/>\n<link rel=\"canonical\" href=\"https:\/\/www.manosgerakinis.com\/parfums\/de\/produkt\/pivoine\/\" \/>\n<meta property=\"og:locale\" content=\"de_DE\" \/>\n<meta property=\"og:type\" content=\"article\" \/>\n<meta property=\"og:title\" content=\"PIVOINE - Manos Gerakinis Parfums\" \/>\n<meta property=\"og:description\" content=\"PIVOINE zeichnet sich durch einen zentralen pfingstrosen-akkord aus (die bl\u00fcte gibt ihre essenz nicht her, daher muss ihr aroma mit anderen rohstoffen nachgebildet werden), der zart und doch anhaltend ist und frische, rosige und leicht s\u00fc\u00dfe t\u00f6ne verstr\u00f6mt.\" \/>\n<meta property=\"og:url\" content=\"https:\/\/www.manosgerakinis.com\/parfums\/de\/produkt\/pivoine\/\" \/>\n<meta property=\"og:site_name\" content=\"Manos Gerakinis Parfums\" \/>\n<meta property=\"article:modified_time\" content=\"2026-02-26T15:43:32+00:00\" \/>\n<meta property=\"og:image\" content=\"https:\/\/www.manosgerakinis.com\/parfums\/wp-content\/uploads\/2024\/09\/pivoine.jpg\" \/>\n\t<meta property=\"og:image:width\" content=\"1514\" \/>\n\t<meta property=\"og:image:height\" content=\"1515\" \/>\n\t<meta property=\"og:image:type\" content=\"image\/jpeg\" \/>\n<meta name=\"twitter:card\" content=\"summary_large_image\" \/>\n<meta name=\"twitter:label1\" content=\"Est. reading time\" \/>\n\t<meta name=\"twitter:data1\" content=\"2\u00a0Minuten\" \/>\n<script type=\"application\/ld+json\" class=\"yoast-schema-graph\">{\"@context\":\"https:\/\/schema.org\",\"@graph\":[{\"@type\":\"WebPage\",\"@id\":\"https:\/\/www.manosgerakinis.com\/parfums\/de\/produkt\/pivoine\/\",\"url\":\"https:\/\/www.manosgerakinis.com\/parfums\/de\/produkt\/pivoine\/\",\"name\":\"PIVOINE - Manos Gerakinis Parfums\",\"isPartOf\":{\"@id\":\"https:\/\/www.manosgerakinis.com\/parfums\/#website\"},\"primaryImageOfPage\":{\"@id\":\"https:\/\/www.manosgerakinis.com\/parfums\/de\/produkt\/pivoine\/#primaryimage\"},\"image\":{\"@id\":\"https:\/\/www.manosgerakinis.com\/parfums\/de\/produkt\/pivoine\/#primaryimage\"},\"thumbnailUrl\":\"https:\/\/www.manosgerakinis.com\/parfums\/wp-content\/uploads\/2024\/09\/pivoine.jpg\",\"datePublished\":\"2022-12-16T20:54:55+00:00\",\"dateModified\":\"2026-02-26T15:43:32+00:00\",\"breadcrumb\":{\"@id\":\"https:\/\/www.manosgerakinis.com\/parfums\/de\/produkt\/pivoine\/#breadcrumb\"},\"inLanguage\":\"de\",\"potentialAction\":[{\"@type\":\"ReadAction\",\"target\":[\"https:\/\/www.manosgerakinis.com\/parfums\/de\/produkt\/pivoine\/\"]}]},{\"@type\":\"ImageObject\",\"inLanguage\":\"de\",\"@id\":\"https:\/\/www.manosgerakinis.com\/parfums\/de\/produkt\/pivoine\/#primaryimage\",\"url\":\"https:\/\/www.manosgerakinis.com\/parfums\/wp-content\/uploads\/2024\/09\/pivoine.jpg\",\"contentUrl\":\"https:\/\/www.manosgerakinis.com\/parfums\/wp-content\/uploads\/2024\/09\/pivoine.jpg\",\"width\":1514,\"height\":1515},{\"@type\":\"BreadcrumbList\",\"@id\":\"https:\/\/www.manosgerakinis.com\/parfums\/de\/produkt\/pivoine\/#breadcrumb\",\"itemListElement\":[{\"@type\":\"ListItem\",\"position\":1,\"name\":\"Home\",\"item\":\"https:\/\/www.manosgerakinis.com\/parfums\/de\/\"},{\"@type\":\"ListItem\",\"position\":2,\"name\":\"Unsere Kreationen\",\"item\":\"https:\/\/www.manosgerakinis.com\/parfums\/de\/shop\/\"},{\"@type\":\"ListItem\",\"position\":3,\"name\":\"PIVOINE\"}]},{\"@type\":\"WebSite\",\"@id\":\"https:\/\/www.manosgerakinis.com\/parfums\/#website\",\"url\":\"https:\/\/www.manosgerakinis.com\/parfums\/\",\"name\":\"Manos Gerakinis Parfums\",\"description\":\"The only real luxury is time, make yours fragrantly memorable\",\"potentialAction\":[{\"@type\":\"SearchAction\",\"target\":{\"@type\":\"EntryPoint\",\"urlTemplate\":\"https:\/\/www.manosgerakinis.com\/parfums\/?s={search_term_string}\"},\"query-input\":{\"@type\":\"PropertyValueSpecification\",\"valueRequired\":true,\"valueName\":\"search_term_string\"}}],\"inLanguage\":\"de\"}]}<\/script>\n<!-- \/ Yoast SEO plugin. -->","yoast_head_json":{"title":"PIVOINE - Manos Gerakinis Parfums","robots":{"index":"index","follow":"follow","max-snippet":"max-snippet:-1","max-image-preview":"max-image-preview:large","max-video-preview":"max-video-preview:-1"},"canonical":"https:\/\/www.manosgerakinis.com\/parfums\/de\/produkt\/pivoine\/","og_locale":"de_DE","og_type":"article","og_title":"PIVOINE - Manos Gerakinis Parfums","og_description":"PIVOINE zeichnet sich durch einen zentralen pfingstrosen-akkord aus (die bl\u00fcte gibt ihre essenz nicht her, daher muss ihr aroma mit anderen rohstoffen nachgebildet werden), der zart und doch anhaltend ist und frische, rosige und leicht s\u00fc\u00dfe t\u00f6ne verstr\u00f6mt.","og_url":"https:\/\/www.manosgerakinis.com\/parfums\/de\/produkt\/pivoine\/","og_site_name":"Manos Gerakinis Parfums","article_modified_time":"2026-02-26T15:43:32+00:00","og_image":[{"width":1514,"height":1515,"url":"https:\/\/www.manosgerakinis.com\/parfums\/wp-content\/uploads\/2024\/09\/pivoine.jpg","type":"image\/jpeg"}],"twitter_card":"summary_large_image","twitter_misc":{"Est. reading time":"2\u00a0Minuten"},"schema":{"@context":"https:\/\/schema.org","@graph":[{"@type":"WebPage","@id":"https:\/\/www.manosgerakinis.com\/parfums\/de\/produkt\/pivoine\/","url":"https:\/\/www.manosgerakinis.com\/parfums\/de\/produkt\/pivoine\/","name":"PIVOINE - Manos Gerakinis Parfums","isPartOf":{"@id":"https:\/\/www.manosgerakinis.com\/parfums\/#website"},"primaryImageOfPage":{"@id":"https:\/\/www.manosgerakinis.com\/parfums\/de\/produkt\/pivoine\/#primaryimage"},"image":{"@id":"https:\/\/www.manosgerakinis.com\/parfums\/de\/produkt\/pivoine\/#primaryimage"},"thumbnailUrl":"https:\/\/www.manosgerakinis.com\/parfums\/wp-content\/uploads\/2024\/09\/pivoine.jpg","datePublished":"2022-12-16T20:54:55+00:00","dateModified":"2026-02-26T15:43:32+00:00","breadcrumb":{"@id":"https:\/\/www.manosgerakinis.com\/parfums\/de\/produkt\/pivoine\/#breadcrumb"},"inLanguage":"de","potentialAction":[{"@type":"ReadAction","target":["https:\/\/www.manosgerakinis.com\/parfums\/de\/produkt\/pivoine\/"]}]},{"@type":"ImageObject","inLanguage":"de","@id":"https:\/\/www.manosgerakinis.com\/parfums\/de\/produkt\/pivoine\/#primaryimage","url":"https:\/\/www.manosgerakinis.com\/parfums\/wp-content\/uploads\/2024\/09\/pivoine.jpg","contentUrl":"https:\/\/www.manosgerakinis.com\/parfums\/wp-content\/uploads\/2024\/09\/pivoine.jpg","width":1514,"height":1515},{"@type":"BreadcrumbList","@id":"https:\/\/www.manosgerakinis.com\/parfums\/de\/produkt\/pivoine\/#breadcrumb","itemListElement":[{"@type":"ListItem","position":1,"name":"Home","item":"https:\/\/www.manosgerakinis.com\/parfums\/de\/"},{"@type":"ListItem","position":2,"name":"Unsere Kreationen","item":"https:\/\/www.manosgerakinis.com\/parfums\/de\/shop\/"},{"@type":"ListItem","position":3,"name":"PIVOINE"}]},{"@type":"WebSite","@id":"https:\/\/www.manosgerakinis.com\/parfums\/#website","url":"https:\/\/www.manosgerakinis.com\/parfums\/","name":"Manos Gerakinis Parfums","description":"The only real luxury is time, make yours fragrantly memorable","potentialAction":[{"@type":"SearchAction","target":{"@type":"EntryPoint","urlTemplate":"https:\/\/www.manosgerakinis.com\/parfums\/?s={search_term_string}"},"query-input":{"@type":"PropertyValueSpecification","valueRequired":true,"valueName":"search_term_string"}}],"inLanguage":"de"}]}},"_links":{"self":[{"href":"https:\/\/www.manosgerakinis.com\/parfums\/de\/wp-json\/wp\/v2\/product\/4367","targetHints":{"allow":["GET"]}}],"collection":[{"href":"https:\/\/www.manosgerakinis.com\/parfums\/de\/wp-json\/wp\/v2\/product"}],"about":[{"href":"https:\/\/www.manosgerakinis.com\/parfums\/de\/wp-json\/wp\/v2\/types\/product"}],"replies":[{"embeddable":true,"href":"https:\/\/www.manosgerakinis.com\/parfums\/de\/wp-json\/wp\/v2\/comments?post=4367"}],"wp:featuredmedia":[{"embeddable":true,"href":"https:\/\/www.manosgerakinis.com\/parfums\/de\/wp-json\/wp\/v2\/media\/4819"}],"wp:attachment":[{"href":"https:\/\/www.manosgerakinis.com\/parfums\/de\/wp-json\/wp\/v2\/media?parent=4367"}],"wp:term":[{"taxonomy":"product_cat","embeddable":true,"href":"https:\/\/www.manosgerakinis.com\/parfums\/de\/wp-json\/wp\/v2\/product_cat?post=4367"},{"taxonomy":"product_tag","embeddable":true,"href":"https:\/\/www.manosgerakinis.com\/parfums\/de\/wp-json\/wp\/v2\/product_tag?post=4367"}],"curies":[{"name":"wp","href":"https:\/\/api.w.org\/{rel}","templated":true}]}}