{"id":2366,"date":"2022-12-17T10:59:29","date_gmt":"2022-12-17T10:59:29","guid":{"rendered":"https:\/\/www.manosgerakinis.com\/parfums\/?page_id=2366"},"modified":"2024-02-08T09:14:19","modified_gmt":"2024-02-08T09:14:19","slug":"termini-condizioni","status":"publish","type":"page","link":"https:\/\/www.manosgerakinis.com\/parfums\/it\/termini-condizioni\/","title":{"rendered":"Termini e Condizioni"},"content":{"rendered":"<p>Il sito web www.ManosGerakinis.com (\u201cManos Gerakinis\u201d, \u201cnoi\u201d, \u201cci\u201d) \u00e8 disponibile in conformit\u00e0 con i seguenti Termini e Condizioni che il visitatore riconosce di aver letto e accettato integralmente e incondizionatamente. Potremmo modificare i termini e le condizioni di volta in volta, pertanto consigliamo agli utenti di controllare regolarmente questa pagina. L&#8217;uso continuato del sito web, anche dopo eventuali modifiche, costituisce l&#8217;accettazione incondizionata di tutti questi termini e condizioni, inclusa l&#8217;informativa sulla privacy.<\/p>\n<p><em>Si prega di leggere attentamente i presenti Termini prima di utilizzare questo sito web.<\/em><\/p>\n<p>Manos Gerakinis Parfums \u00e8 il nome commerciale di Manos Gerakinis, una societ\u00e0 registrata ad Atene, Grecia con partita IVA 129257690 e sede legale: 23 Imittou str., Cholargos, Atene, P.C. 155 61, Grecia.<\/p>\n<p>\u201cManos Gerakinis\u201d si impegna quotidianamente a fornire un servizio clienti di prima classe agli utenti\/membri (di seguito \u201cclienti\u201d) del sito web. Inoltre, questo e-shop \u00e8 destinato a tutti gli internauti che desiderano non solo ricevere informazioni dirette sui prodotti dell&#8217;azienda, ma anche completare un acquisto tramite l&#8217;e-shop, mediante ordine on-line a distanza, a condizione che l&#8217;azienda disponga di sufficienti stock.\u201cManos Gerakinis\u201d presta attenzione al servizio clienti diretto e soddisfacente, operando costantemente in modo responsabile nello svolgimento della propria attivit\u00e0 commerciale e coltivando la fiducia tra l&#8217;azienda e i suoi clienti.<\/p>\n<p>Le presenti condizioni rispettano pienamente l&#8217;attuale legislazione europea e greca; gli utenti riconoscono il diritto della societ\u00e0 di modificare qualsiasi disposizione dei presenti termini nella misura in cui tale modifica non pregiudichi gli obblighi giuridicamente vincolanti di entrambe le parti n\u00e9 incida su eventuali situazioni realizzate. Il cliente \u00e8 tenuto a verificare periodicamente i presenti termini e condizioni ed \u00e8 l&#8217;unico responsabile in riferimento all&#8217;utilizzo del sito web.<\/p>\n<p>I clienti di questa pagina web riconoscono di aver letto le presenti condizioni, di accettarle e di impegnarsi a rispettarle. I termini e le condizioni del presente sito web stabiliscono i termini di utilizzo del nostro sito web e dei nostri servizi, nonch\u00e9 i termini del contratto di vendita concluso tra il cliente e \u201cManos Gerakinis\u201d. Ogni cliente di www.ManosGerakinis.com si assume che con l&#8217;iscrizione\/l&#8217;utilizzo\/la visita del sito accetti integralmente i presenti termini; e rinuncia alle sue pretese che emergono dalla sua visita al sito web o dalla transazione con \u201cManos Gerakinis\u201d. Qualsiasi cliente che non sia d&#8217;accordo con questi termini dovrebbe astenersi dall&#8217;uso del sito web e successivamente da qualsiasi transazione. L&#8217;utilizzo del sito web www.ManosGerakinis.com, la sottoscrizione e la transazione (invio dell&#8217;ordine) implicano l&#8217;accettazione delle presenti condizioni e la conclusione di un contratto di vendita con le presenti condizioni.<\/p>\n<p>Riteniamo di avere l&#8217;obbligo di mantenere i nostri clienti sempre informati e protetti. In caso di domande relative ai presenti termini, contattaci via e-mail all&#8217;indirizzo CustomerCare@ManosGerakinis.com<\/p>\n<p>\u201cManos Gerakinis\u201d si riserva il diritto di sospendere temporaneamente o permanentemente tutti i suoi servizi senza preavviso a sua esclusiva discrezione.<\/p>\n<p><strong>Registrazione<\/strong><\/p>\n<p>Per poter effettuare acquisti sul sito ti verr\u00e0 richiesto di fornire alcuni dati personali, tra cui il tuo vero nome completo, indirizzo email e indirizzo di corrispondenza. Con l&#8217;utilizzo del sito web fornisci il tuo esplicito consenso a \u201cManos Gerakinis\u201d per il trattamento dei dati personali pertinenti e dichiari che tutte le informazioni sono vere e accurate. Garantisci che le informazioni di pagamento sono valide e corrette e confermi di essere la persona a cui si fa riferimento nelle informazioni di fatturazione fornite.<\/p>\n<p>Tratteremo i dati di cui sopra in conformit\u00e0 con l&#8217;articolo 7\u0391 par. 1 (b) della Legge 2472\/1997, al fine di completare l&#8217;ordine effettuato dai nostri clienti e non divulgher\u00e0, pubblicher\u00e0 o vender\u00e0 in alcun modo questi dati a terzi, salvo nel caso in cui venga avviata una procedura legale relativa alla revoca della riservatezza (L. 2225\/1994) o in base ad altri obblighi derivanti dal recepimento nazionale della Direttiva 24\/2006.<\/p>\n<p>Tutti gli ordini sono soggetti ad accettazione e disponibilit\u00e0. Una volta effettuato un ordine riceverai un&#8217;e-mail di conferma. Questa email NON costituisce un&#8217;accettazione del tuo ordine, ma solo una conferma che lo abbiamo ricevuto. L&#8217;accettazione del tuo ordine tra te e Manos Gerakinis sar\u00e0 completata una volta che ti invieremo un&#8217;e-mail con la conferma della spedizione della merce.<\/p>\n<p>Potremmo anche rifiutarci di elaborare e quindi non accettare una transazione per qualsiasi motivo o rifiutare il servizio a chiunque in qualsiasi momento a nostra esclusiva discrezione.<\/p>\n<p>Effettuare un ordine tramite il negozio online implica la conclusione di un contratto di vendita a distanza, che \u00e8 regolato dal quadro giuridico della legge 2251\/1994 sulla tutela dei consumatori, come applicata.<\/p>\n<p><strong>Pagamento<\/strong><\/p>\n<p><strong>Manos Gerakinis accetta i seguenti metodi di pagamento:<\/strong><\/p>\n<ul>\n<li><strong>PayPal<\/strong><\/li>\n<\/ul>\n<p>Diamo il benvenuto ai pagamenti dai conti PayPal e ci riserviamo il diritto di elaborare gli ordini solo se spediti allo stesso indirizzo con cui \u00e8 registrato il conto PayPal verificato.<\/p>\n<ul>\n<li><strong>Stripe <\/strong><\/li>\n<\/ul>\n<p>Accogliamo con favore pagamenti da tutte le principali carte di debito e credito.<\/p>\n<p><strong>Sicurezza dei Pagamenti<\/strong><\/p>\n<p>La tua sicurezza personale \u00e8 molto importante per noi. ManosGerakinis.com utilizza il protocollo SSL per crittografare tutte le informazioni personali e i servizi forniti al fine di proteggere i tuoi dati.<\/p>\n<p>Il protocollo SSL (Secure Sockets Layer) \u00e8 ormai uno standard Internet globale per la certificazione dei siti web verso gli utenti Internet e per la crittografia dei dati tra gli utenti Internet e i server web. Una comunicazione crittografata SSL richiede che tutte le informazioni scambiate tra un cliente e un server siano crittografate dal software del mittente e decodificate dal software del destinatario; in questo modo i dati personali sono protetti durante il trasferimento su Internet. Inoltre, tutte le informazioni inviate tramite protocollo SSL sono protette da un meccanismo che verifica automaticamente se tali dati sono stati modificati durante il trasferimento.<\/p>\n<p>Notiamo che non possiamo garantire la completa prevenzione dell&#8217;uso delle tue informazioni da parte di terzi non autorizzati e non saremo responsabili per eventuali danni o perdite (dirette o indirette) di un cliente la cui carta viene utilizzata illegalmente o utilizzata in modo non autorizzato.<\/p>\n<p>Inoltre, \u201cManos Gerakinis\u201d non \u00e8 responsabile per eventuali danni che potrebbero essere causati al tuo computer da virus, worm, spyware o simili durante la tua connessione al nostro sito web. Assicurati di disporre di un programma antivirus, di firewall e che gli altri programmi di protezione del computer siano aggiornati.<\/p>\n<p><strong>Articoli in vendita<\/strong><\/p>\n<p>\u201cManos Gerakinis\u201d fa ogni sforzo per presentare i prodotti del sito web nel modo pi\u00f9 accurato possibile. In alcuni casi le informazioni sul nostro sito web potrebbero contenere inesattezze o informazioni incomplete. Ci riserviamo il diritto di correggere eventuali errori o aggiornare il sito in qualsiasi momento senza preavviso. Data la natura della presentazione dei prodotti sul nostro sito e le diverse tipologie di aspetto visivo, i colori presentati sul sito potrebbero differire leggermente da quelli del prodotto reale. Se il prodotto non soddisfa le tue aspettative, puoi restituircelo secondo i termini qui stabiliti. Si prega di fare riferimento alla nostra sezione Spedizioni e resi.<\/p>\n<p><strong>Procedura d&#8217;Ordine<\/strong><\/p>\n<p>Puntiamo a essere il pi\u00f9 accurati possibile nel descrivere i nostri prodotti e servizi, offrendo tutte le informazioni rilevanti inclusi prezzo, colore e taglia. Tutti i prezzi sono comprensivi di IVA (attualmente al 24%).<\/p>\n<p>Effettuando un ordine accetti questi termini e condizioni e stai stipulando un contratto di vendita a distanza, disciplinato dalla legge greca 2251\/1994 e confermi di essere una persona legalmente capace secondo il codice civile greco (hai 18 anni di et\u00e0 o maggiore e non sei posto sotto tutela giudiziaria per quanto riguarda la conclusione di contratti di vendita).<\/p>\n<p><strong>Obblighi del Cliente<\/strong><\/p>\n<p>I clienti devono rispettare le norme e le disposizioni del diritto greco, europeo e internazionale e la legislazione pertinente in materia di telecomunicazioni e astenersi da qualsiasi condotta illecita e abusiva nel corso e in connessione con il sito Web e da qualsiasi pratica illegale. Il cliente \u00e8 responsabile per eventuali danni a lui\/lei derivanti dall&#8217;uso improprio del sito web o dall&#8217;uso improprio dei servizi offerti attraverso lo stesso. Nel caso in cui \u201cManos Gerakinis\u201d sia coinvolto in qualsiasi azione illegale o sia tenuto a pagare un risarcimento a causa della violazione degli obblighi del cliente ai sensi dei presenti termini, il cliente sar\u00e0 tenuto a indennizzare \u201cManos Gerakinis\u201d per questo motivo. Ogni cliente \u00e8 l&#8217;unico responsabile della riservatezza della propria password e si assume il rischio di danni derivanti dall&#8217;accesso di terzi in qualsiasi modo al suo codice.<\/p>\n<p>In caso di pubblicazione di materiale o contenuto, \u201cManos Gerakinis\u201d non ha alcuna responsabilit\u00e0 e non si pu\u00f2 ritenere che accetti tale contenuto.<\/p>\n<p>Inoltre, i clienti si impegnano a risarcire \u201cManos Gerakinis\u201d per qualsiasi controversia legale che possa sorgere tra loro e terzi a causa dei contenuti che hanno postato, pubblicato o altrimenti trasmesso tramite il sito web e in caso di registrazione inesatta dei dati al momento della registrazione o dell&#8217;aggiornamento. dei propri dati ed in genere in caso di violazione delle presenti condizioni di utilizzo. Qualsiasi utilizzo contrario a quanto sopra, oltre ad eventuali sanzioni civili e penali, comporter\u00e0 la cancellazione di questi contenuti e la contemporanea cancellazione dell\u2019account del cliente, che viola le presenti condizioni di utilizzo, senza preavviso.<\/p>\n<p><strong>Informazioni su Copyright e Marchi Registrati<\/strong><\/p>\n<p>L&#8217;intero contenuto del sito, comprese immagini, grafica, fotografie, disegni, testi, prodotti, marchi, simboli, \u00e8 propriet\u00e0 intellettuale di \u201cManos Gerakinis\u201d ed \u00e8 protetto dalle pertinenti disposizioni della legge greca, europea e delle convenzioni internazionali. Qualsiasi modifica, copia, distribuzione, modifica, configurazione, trasferimento, vendita, ripubblicazione in qualsiasi modo di qualsiasi informazione (in tutto o in parte), riproduzione e ritrasmissione, download o sfruttamento dei contenuti del sito web in qualsiasi modo o con qualsiasi mezzo per scopi commerciali o di altro tipo \u00e8 vietato senza il permesso scritto di \u201cManos Gerakinis\u201d. La comparsa di tali contenuti sul sito web non deve in alcun modo essere interpretata come un trasferimento o una cessione di una licenza o di un diritto al loro utilizzo.<\/p>\n<p><strong>Conformit\u00e0 alla Legge<\/strong><\/p>\n<p>Tutti gli utenti del sito web devono utilizzare il sito web in conformit\u00e0 con la legge nazionale o internazionale applicabile. Non in modo offensivo o in qualsiasi altro modo che possa costituire un reato penale, dare luogo a responsabilit\u00e0 civile o violare qualsiasi legge applicabile.<\/p>\n<p>La gestione e la protezione dei dati personali del visitatore\/utente\/servizio clienti del sito web sono soggette ai termini di questa sezione e alle pertinenti disposizioni della legge greca n. 2472\/1997 sulla tutela delle persone fisiche rispetto al trattamento dei dati personali come integrato dalle determinazioni del Garante per la protezione dei dati personali, P.D. 207\/1998 e 79\/2000 e dell&#8217;articolo 8 della legge 2819\/2000 e della legge 2773\/1999 e delle Direttive Europee 95\/46\/CE e 97\/66\/CE. Questi termini sono formulati tenendo conto sia della rapida crescita della tecnologia e in particolare di Internet, sia del quadro normativo esistente, sebbene non completamente sviluppato, su questi temi. In questo contesto eventuali modifiche o integrazioni verranno pubblicate qui. In ogni caso, il sito web si riserva il diritto di modificare i termini di protezione dei dati personali (politica sulla privacy) sulle informazioni dei visitatori\/utenti e nell&#8217;ambito del quadro giuridico esistente o potenziale. Se un visitatore\/utente non \u00e8 d&#8217;accordo con i termini di protezione dei dati personali previsti in questa sezione non potr\u00e0 utilizzare i servizi del sito web.<\/p>\n<p><strong>Politica di Protezione dei Bambini<\/strong><\/p>\n<p>I visitatori\/utenti minorenni del sito web accedono ai servizi solo con il consenso dei genitori o di chi ne fa le veci e non sono tenuti a fornire alcuna informazione personale. Tuttavia, manosgerakinis.com non si assume alcuna responsabilit\u00e0 nel caso in cui vengano fornite informazioni false durante la compilazione del modulo di registrazione al sito.<\/p>\n<p><strong>TERMINI GENERALI<\/strong><\/p>\n<p>Incarico Il presente contratto di vendita e ogni singolo patto, termine e condizione qui contenuti sono vincolanti e restano a vantaggio delle parti contraenti e dei rispettivi successori. Il cliente non pu\u00f2 cedere in tutto o in parte il presente contratto; tuttavia \u201cManos Gerakinis\u201d potr\u00e0 cedere o subappaltare il contratto di vendita o qualsiasi altro suo diritto a terzi in qualsiasi momento della sua durata.<\/p>\n<p><strong>Forza Maggiore<\/strong><\/p>\n<p>L&#8217;incapacit\u00e0 di &#8220;Manos Gerakinis&#8221; di eseguire o ritardare l&#8217;esecuzione di qualsiasi obbligo previsto dal contratto di vendita esclusivamente a causa di cause indipendenti dalla sua volont\u00e0, inclusi ma non limitati a: cause di forza maggiore, atti di governo, rivolte, guerre, disordini civili, invasioni, attacchi terroristici o minaccia di attacchi terroristici, scioperi, incendi, esplosioni, inondazioni, calamit\u00e0 naturali, non saranno considerati violazione del contratto di vendita; La nostra prestazione ai sensi di qualsiasi Contratto \u00e8 considerata sospesa per il periodo in cui continua qualsiasi evento al di fuori del nostro controllo.<\/p>\n<p><strong>Rinuncia <\/strong><\/p>\n<p>Nessuna rinuncia a qualsiasi inadempienza del presente documento da parte di una delle parti o qualsiasi mancata applicazione di qualsiasi diritto ai sensi del presente documento sar\u00e0 considerata costituire una rinuncia a qualsiasi inadempienza successiva rispetto alla stessa o a qualsiasi altra disposizione del presente documento.<\/p>\n<p><strong>Separabilit\u00e0<\/strong><\/p>\n<p>Qualora qualsiasi parte del presente contratto di vendita fosse ritenuta inapplicabile o in conflitto con le leggi o i regolamenti applicabili di qualsiasi giurisdizione, la parte o disposizione non valida o inapplicabile sar\u00e0 sostituita con una disposizione che realizzi, nella misura possibile, lo scopo commerciale originale di tale parte o disposizione in modo valido ed applicabile, e il resto del presente contratto di vendita rimarr\u00e0 vincolante per le parti.<\/p>\n<p><strong>Modifica<\/strong><\/p>\n<p>Il sito web www.ManosGerakinis.com si riserva il diritto di modificare o rinnovare i presenti termini e condizioni a sua esclusiva discrezione.<\/p>\n<p><strong>Legge Applicabile \u2013 Giurisdizione<\/strong><\/p>\n<p>L&#8217;uso del sito web e il contratto di vendita saranno regolati e interpretati secondo le leggi della Grecia. Tutte le controversie derivanti da o in connessione con l&#8217;uso del sito web o del contratto di vendita, se non risolte amichevolmente, saranno sottoposte ai tribunali di Atene.<\/p>\n<p><strong>Informazioni sui Contatti<\/strong><\/p>\n<p>In caso di domande o dubbi riguardanti la presente informativa sulla privacy, i termini e le condizioni, \u00e8 sufficiente inviarci un&#8217;e-mail all&#8217;indirizzo <a href=\"mailto:CustomerCare@ManosGerakinis.com\">CustomerCare@ManosGerakinis.com<\/a><\/p>\n<p>&nbsp;<\/p>\n","protected":false},"excerpt":{"rendered":"<p>Il sito web www.ManosGerakinis.com (\u201cManos Gerakinis\u201d, \u201cnoi\u201d, \u201cci\u201d) \u00e8 disponibile in conformit\u00e0 con i seguenti Termini e Condizioni che il visitatore riconosce di aver letto e accettato integralmente e incondizionatamente. Potremmo modificare i termini e le condizioni di volta in volta, pertanto consigliamo agli utenti di controllare regolarmente questa pagina. L&#8217;uso continuato del sito web, [&hellip;]<\/p>\n","protected":false},"author":1,"featured_media":0,"parent":0,"menu_order":0,"comment_status":"closed","ping_status":"closed","template":"","meta":{"footnotes":""},"class_list":["post-2366","page","type-page","status-publish","hentry"],"acf":[],"yoast_head":"<!-- This site is optimized with the Yoast SEO plugin v25.8 - https:\/\/yoast.com\/wordpress\/plugins\/seo\/ -->\n<title>Termini e Condizioni - Manos Gerakinis Parfums<\/title>\n<meta name=\"robots\" content=\"index, follow, max-snippet:-1, max-image-preview:large, max-video-preview:-1\" \/>\n<link rel=\"canonical\" href=\"https:\/\/www.manosgerakinis.com\/parfums\/it\/terms-conditions\/\" \/>\n<meta property=\"og:locale\" content=\"it_IT\" \/>\n<meta property=\"og:type\" content=\"article\" \/>\n<meta property=\"og:title\" content=\"Termini e Condizioni - Manos Gerakinis Parfums\" \/>\n<meta property=\"og:description\" content=\"Il sito web www.ManosGerakinis.com (\u201cManos Gerakinis\u201d, \u201cnoi\u201d, \u201cci\u201d) \u00e8 disponibile in conformit\u00e0 con i seguenti Termini e Condizioni che il visitatore riconosce di aver letto e accettato integralmente e incondizionatamente. Potremmo modificare i termini e le condizioni di volta in volta, pertanto consigliamo agli utenti di controllare regolarmente questa pagina. L&#8217;uso continuato del sito web, [&hellip;]\" \/>\n<meta property=\"og:url\" content=\"https:\/\/www.manosgerakinis.com\/parfums\/terms-conditions\/\" \/>\n<meta property=\"og:site_name\" content=\"Manos Gerakinis Parfums\" \/>\n<meta property=\"article:modified_time\" content=\"2024-02-08T09:14:19+00:00\" \/>\n<meta name=\"twitter:card\" content=\"summary_large_image\" \/>\n<meta name=\"twitter:label1\" content=\"Est. reading time\" \/>\n\t<meta name=\"twitter:data1\" content=\"11 minuti\" \/>\n<script type=\"application\/ld+json\" class=\"yoast-schema-graph\">{\"@context\":\"https:\/\/schema.org\",\"@graph\":[{\"@type\":\"WebPage\",\"@id\":\"https:\/\/www.manosgerakinis.com\/parfums\/terms-conditions\/\",\"url\":\"https:\/\/www.manosgerakinis.com\/parfums\/terms-conditions\/\",\"name\":\"Termini e Condizioni - Manos Gerakinis Parfums\",\"isPartOf\":{\"@id\":\"https:\/\/www.manosgerakinis.com\/parfums\/#website\"},\"datePublished\":\"2022-12-17T10:59:29+00:00\",\"dateModified\":\"2024-02-08T09:14:19+00:00\",\"breadcrumb\":{\"@id\":\"https:\/\/www.manosgerakinis.com\/parfums\/terms-conditions\/#breadcrumb\"},\"inLanguage\":\"it-IT\",\"potentialAction\":[{\"@type\":\"ReadAction\",\"target\":[\"https:\/\/www.manosgerakinis.com\/parfums\/terms-conditions\/\"]}]},{\"@type\":\"BreadcrumbList\",\"@id\":\"https:\/\/www.manosgerakinis.com\/parfums\/terms-conditions\/#breadcrumb\",\"itemListElement\":[{\"@type\":\"ListItem\",\"position\":1,\"name\":\"Home\",\"item\":\"https:\/\/www.manosgerakinis.com\/parfums\/it\/\"},{\"@type\":\"ListItem\",\"position\":2,\"name\":\"Termini e Condizioni\"}]},{\"@type\":\"WebSite\",\"@id\":\"https:\/\/www.manosgerakinis.com\/parfums\/#website\",\"url\":\"https:\/\/www.manosgerakinis.com\/parfums\/\",\"name\":\"Manos Gerakinis Parfums\",\"description\":\"The only real luxury is time, make yours fragrantly memorable\",\"potentialAction\":[{\"@type\":\"SearchAction\",\"target\":{\"@type\":\"EntryPoint\",\"urlTemplate\":\"https:\/\/www.manosgerakinis.com\/parfums\/?s={search_term_string}\"},\"query-input\":{\"@type\":\"PropertyValueSpecification\",\"valueRequired\":true,\"valueName\":\"search_term_string\"}}],\"inLanguage\":\"it-IT\"}]}<\/script>\n<!-- \/ Yoast SEO plugin. -->","yoast_head_json":{"title":"Termini e Condizioni - Manos Gerakinis Parfums","robots":{"index":"index","follow":"follow","max-snippet":"max-snippet:-1","max-image-preview":"max-image-preview:large","max-video-preview":"max-video-preview:-1"},"canonical":"https:\/\/www.manosgerakinis.com\/parfums\/it\/terms-conditions\/","og_locale":"it_IT","og_type":"article","og_title":"Termini e Condizioni - Manos Gerakinis Parfums","og_description":"Il sito web www.ManosGerakinis.com (\u201cManos Gerakinis\u201d, \u201cnoi\u201d, \u201cci\u201d) \u00e8 disponibile in conformit\u00e0 con i seguenti Termini e Condizioni che il visitatore riconosce di aver letto e accettato integralmente e incondizionatamente. Potremmo modificare i termini e le condizioni di volta in volta, pertanto consigliamo agli utenti di controllare regolarmente questa pagina. L&#8217;uso continuato del sito web, [&hellip;]","og_url":"https:\/\/www.manosgerakinis.com\/parfums\/terms-conditions\/","og_site_name":"Manos Gerakinis Parfums","article_modified_time":"2024-02-08T09:14:19+00:00","twitter_card":"summary_large_image","twitter_misc":{"Est. reading time":"11 minuti"},"schema":{"@context":"https:\/\/schema.org","@graph":[{"@type":"WebPage","@id":"https:\/\/www.manosgerakinis.com\/parfums\/terms-conditions\/","url":"https:\/\/www.manosgerakinis.com\/parfums\/terms-conditions\/","name":"Termini e Condizioni - Manos Gerakinis Parfums","isPartOf":{"@id":"https:\/\/www.manosgerakinis.com\/parfums\/#website"},"datePublished":"2022-12-17T10:59:29+00:00","dateModified":"2024-02-08T09:14:19+00:00","breadcrumb":{"@id":"https:\/\/www.manosgerakinis.com\/parfums\/terms-conditions\/#breadcrumb"},"inLanguage":"it-IT","potentialAction":[{"@type":"ReadAction","target":["https:\/\/www.manosgerakinis.com\/parfums\/terms-conditions\/"]}]},{"@type":"BreadcrumbList","@id":"https:\/\/www.manosgerakinis.com\/parfums\/terms-conditions\/#breadcrumb","itemListElement":[{"@type":"ListItem","position":1,"name":"Home","item":"https:\/\/www.manosgerakinis.com\/parfums\/it\/"},{"@type":"ListItem","position":2,"name":"Termini e Condizioni"}]},{"@type":"WebSite","@id":"https:\/\/www.manosgerakinis.com\/parfums\/#website","url":"https:\/\/www.manosgerakinis.com\/parfums\/","name":"Manos Gerakinis Parfums","description":"The only real luxury is time, make yours fragrantly memorable","potentialAction":[{"@type":"SearchAction","target":{"@type":"EntryPoint","urlTemplate":"https:\/\/www.manosgerakinis.com\/parfums\/?s={search_term_string}"},"query-input":{"@type":"PropertyValueSpecification","valueRequired":true,"valueName":"search_term_string"}}],"inLanguage":"it-IT"}]}},"_links":{"self":[{"href":"https:\/\/www.manosgerakinis.com\/parfums\/it\/wp-json\/wp\/v2\/pages\/2366","targetHints":{"allow":["GET"]}}],"collection":[{"href":"https:\/\/www.manosgerakinis.com\/parfums\/it\/wp-json\/wp\/v2\/pages"}],"about":[{"href":"https:\/\/www.manosgerakinis.com\/parfums\/it\/wp-json\/wp\/v2\/types\/page"}],"author":[{"embeddable":true,"href":"https:\/\/www.manosgerakinis.com\/parfums\/it\/wp-json\/wp\/v2\/users\/1"}],"replies":[{"embeddable":true,"href":"https:\/\/www.manosgerakinis.com\/parfums\/it\/wp-json\/wp\/v2\/comments?post=2366"}],"version-history":[{"count":8,"href":"https:\/\/www.manosgerakinis.com\/parfums\/it\/wp-json\/wp\/v2\/pages\/2366\/revisions"}],"predecessor-version":[{"id":3075,"href":"https:\/\/www.manosgerakinis.com\/parfums\/it\/wp-json\/wp\/v2\/pages\/2366\/revisions\/3075"}],"wp:attachment":[{"href":"https:\/\/www.manosgerakinis.com\/parfums\/it\/wp-json\/wp\/v2\/media?parent=2366"}],"curies":[{"name":"wp","href":"https:\/\/api.w.org\/{rel}","templated":true}]}}