{"id":2780,"date":"2022-12-16T20:54:55","date_gmt":"2022-12-16T20:54:55","guid":{"rendered":"https:\/\/www.manosgerakinis.com\/parfums\/?post_type=product&#038;p=2780"},"modified":"2026-02-26T15:13:19","modified_gmt":"2026-02-26T15:13:19","slug":"pivoine","status":"publish","type":"product","link":"https:\/\/www.manosgerakinis.com\/parfums\/it\/prodotto\/pivoine\/","title":{"rendered":"PIVOINE"},"content":{"rendered":"<p>PIVOINE \u00e8 dedicato alla peonia, il fiore dall&#8217;aspetto voluttuoso che sboccia in modo spettacolare nella tarda primavera. Secondo un racconto popolare, il fiore prende il nome da Paeon, il medico degli dei greci che cur\u00f2 Plutone, facendo cos\u00ec arrabbiare il suo maestro Asclepio, il dio della medicina. Un geloso Asclepio minacci\u00f2 di uccidere Peone, che Zeus salv\u00f2 trasformandolo in una peonia. Crescendo nei climi temperati da migliaia di anni, le peonie sono venerate senza tempo per la loro straordinaria bellezza, aroma raffinato e propriet\u00e0 curative.<\/p>\n<p>PIVOINE \u00e8 caratterizzato da un accordo centrale di peonia (il fiore non cede la sua essenza, quindi il suo aroma deve essere ricreato con l&#8217;utilizzo di altre materie prime), delicato ma persistente, profumato di toni freschi, rosati e leggermente dolci. Impreziosito da mele succose, fiori sensuali e morbida pelle scamosciata, PIVOINE \u00e8 un&#8217;interpretazione straordinariamente fluida di genere dell&#8217;omonimo fiore.<\/p>\n<p>Prodotto in Grecia con alcol a base vegetale.<\/p>\n","protected":false},"excerpt":{"rendered":"<p>PIVOINE \u00e8 caratterizzato da un accordo centrale di peonia (il fiore non cede la sua essenza, quindi il suo aroma deve essere ricreato con l&#8217;utilizzo di altre materie prime), delicato ma persistente, profumato di toni freschi, rosati e leggermente dolci.<\/p>\n","protected":false},"featured_media":4821,"comment_status":"open","ping_status":"closed","template":"","meta":[],"product_cat":[208,208,205,205],"product_tag":[],"class_list":{"0":"post-2780","1":"product","2":"type-product","3":"status-publish","4":"has-post-thumbnail","5":"hentry","6":"product_cat-collezione-heritage","8":"product_cat-profumi"},"acf":[],"yoast_head":"<!-- This site is optimized with the Yoast SEO plugin v25.8 - https:\/\/yoast.com\/wordpress\/plugins\/seo\/ -->\n<title>PIVOINE - Manos Gerakinis Parfums<\/title>\n<meta name=\"robots\" content=\"index, follow, max-snippet:-1, max-image-preview:large, max-video-preview:-1\" \/>\n<link rel=\"canonical\" href=\"https:\/\/www.manosgerakinis.com\/parfums\/it\/prodotto\/pivoine\/\" \/>\n<meta property=\"og:locale\" content=\"it_IT\" \/>\n<meta property=\"og:type\" content=\"article\" \/>\n<meta property=\"og:title\" content=\"PIVOINE - Manos Gerakinis Parfums\" \/>\n<meta property=\"og:description\" content=\"PIVOINE \u00e8 caratterizzato da un accordo centrale di peonia (il fiore non cede la sua essenza, quindi il suo aroma deve essere ricreato con l&#039;utilizzo di altre materie prime), delicato ma persistente, profumato di toni freschi, rosati e leggermente dolci.\" \/>\n<meta property=\"og:url\" content=\"https:\/\/www.manosgerakinis.com\/parfums\/it\/prodotto\/pivoine\/\" \/>\n<meta property=\"og:site_name\" content=\"Manos Gerakinis Parfums\" \/>\n<meta property=\"article:modified_time\" content=\"2026-02-26T15:13:19+00:00\" \/>\n<meta property=\"og:image\" content=\"https:\/\/www.manosgerakinis.com\/parfums\/wp-content\/uploads\/2024\/09\/pivoine.jpg\" \/>\n\t<meta property=\"og:image:width\" content=\"1514\" \/>\n\t<meta property=\"og:image:height\" content=\"1515\" \/>\n\t<meta property=\"og:image:type\" content=\"image\/jpeg\" \/>\n<meta name=\"twitter:card\" content=\"summary_large_image\" \/>\n<meta name=\"twitter:label1\" content=\"Est. reading time\" \/>\n\t<meta name=\"twitter:data1\" content=\"1 minuto\" \/>\n<script type=\"application\/ld+json\" class=\"yoast-schema-graph\">{\"@context\":\"https:\/\/schema.org\",\"@graph\":[{\"@type\":\"WebPage\",\"@id\":\"https:\/\/www.manosgerakinis.com\/parfums\/it\/prodotto\/pivoine\/\",\"url\":\"https:\/\/www.manosgerakinis.com\/parfums\/it\/prodotto\/pivoine\/\",\"name\":\"PIVOINE - Manos Gerakinis Parfums\",\"isPartOf\":{\"@id\":\"https:\/\/www.manosgerakinis.com\/parfums\/#website\"},\"primaryImageOfPage\":{\"@id\":\"https:\/\/www.manosgerakinis.com\/parfums\/it\/prodotto\/pivoine\/#primaryimage\"},\"image\":{\"@id\":\"https:\/\/www.manosgerakinis.com\/parfums\/it\/prodotto\/pivoine\/#primaryimage\"},\"thumbnailUrl\":\"https:\/\/www.manosgerakinis.com\/parfums\/wp-content\/uploads\/2024\/09\/pivoine.jpg\",\"datePublished\":\"2022-12-16T20:54:55+00:00\",\"dateModified\":\"2026-02-26T15:13:19+00:00\",\"breadcrumb\":{\"@id\":\"https:\/\/www.manosgerakinis.com\/parfums\/it\/prodotto\/pivoine\/#breadcrumb\"},\"inLanguage\":\"it-IT\",\"potentialAction\":[{\"@type\":\"ReadAction\",\"target\":[\"https:\/\/www.manosgerakinis.com\/parfums\/it\/prodotto\/pivoine\/\"]}]},{\"@type\":\"ImageObject\",\"inLanguage\":\"it-IT\",\"@id\":\"https:\/\/www.manosgerakinis.com\/parfums\/it\/prodotto\/pivoine\/#primaryimage\",\"url\":\"https:\/\/www.manosgerakinis.com\/parfums\/wp-content\/uploads\/2024\/09\/pivoine.jpg\",\"contentUrl\":\"https:\/\/www.manosgerakinis.com\/parfums\/wp-content\/uploads\/2024\/09\/pivoine.jpg\",\"width\":1514,\"height\":1515},{\"@type\":\"BreadcrumbList\",\"@id\":\"https:\/\/www.manosgerakinis.com\/parfums\/it\/prodotto\/pivoine\/#breadcrumb\",\"itemListElement\":[{\"@type\":\"ListItem\",\"position\":1,\"name\":\"Home\",\"item\":\"https:\/\/www.manosgerakinis.com\/parfums\/it\/\"},{\"@type\":\"ListItem\",\"position\":2,\"name\":\"Le Nostre Creazioni\",\"item\":\"https:\/\/www.manosgerakinis.com\/parfums\/it\/le-nostre-creazioni\/\"},{\"@type\":\"ListItem\",\"position\":3,\"name\":\"PIVOINE\"}]},{\"@type\":\"WebSite\",\"@id\":\"https:\/\/www.manosgerakinis.com\/parfums\/#website\",\"url\":\"https:\/\/www.manosgerakinis.com\/parfums\/\",\"name\":\"Manos Gerakinis Parfums\",\"description\":\"The only real luxury is time, make yours fragrantly memorable\",\"potentialAction\":[{\"@type\":\"SearchAction\",\"target\":{\"@type\":\"EntryPoint\",\"urlTemplate\":\"https:\/\/www.manosgerakinis.com\/parfums\/?s={search_term_string}\"},\"query-input\":{\"@type\":\"PropertyValueSpecification\",\"valueRequired\":true,\"valueName\":\"search_term_string\"}}],\"inLanguage\":\"it-IT\"}]}<\/script>\n<!-- \/ Yoast SEO plugin. -->","yoast_head_json":{"title":"PIVOINE - Manos Gerakinis Parfums","robots":{"index":"index","follow":"follow","max-snippet":"max-snippet:-1","max-image-preview":"max-image-preview:large","max-video-preview":"max-video-preview:-1"},"canonical":"https:\/\/www.manosgerakinis.com\/parfums\/it\/prodotto\/pivoine\/","og_locale":"it_IT","og_type":"article","og_title":"PIVOINE - Manos Gerakinis Parfums","og_description":"PIVOINE \u00e8 caratterizzato da un accordo centrale di peonia (il fiore non cede la sua essenza, quindi il suo aroma deve essere ricreato con l'utilizzo di altre materie prime), delicato ma persistente, profumato di toni freschi, rosati e leggermente dolci.","og_url":"https:\/\/www.manosgerakinis.com\/parfums\/it\/prodotto\/pivoine\/","og_site_name":"Manos Gerakinis Parfums","article_modified_time":"2026-02-26T15:13:19+00:00","og_image":[{"width":1514,"height":1515,"url":"https:\/\/www.manosgerakinis.com\/parfums\/wp-content\/uploads\/2024\/09\/pivoine.jpg","type":"image\/jpeg"}],"twitter_card":"summary_large_image","twitter_misc":{"Est. reading time":"1 minuto"},"schema":{"@context":"https:\/\/schema.org","@graph":[{"@type":"WebPage","@id":"https:\/\/www.manosgerakinis.com\/parfums\/it\/prodotto\/pivoine\/","url":"https:\/\/www.manosgerakinis.com\/parfums\/it\/prodotto\/pivoine\/","name":"PIVOINE - Manos Gerakinis Parfums","isPartOf":{"@id":"https:\/\/www.manosgerakinis.com\/parfums\/#website"},"primaryImageOfPage":{"@id":"https:\/\/www.manosgerakinis.com\/parfums\/it\/prodotto\/pivoine\/#primaryimage"},"image":{"@id":"https:\/\/www.manosgerakinis.com\/parfums\/it\/prodotto\/pivoine\/#primaryimage"},"thumbnailUrl":"https:\/\/www.manosgerakinis.com\/parfums\/wp-content\/uploads\/2024\/09\/pivoine.jpg","datePublished":"2022-12-16T20:54:55+00:00","dateModified":"2026-02-26T15:13:19+00:00","breadcrumb":{"@id":"https:\/\/www.manosgerakinis.com\/parfums\/it\/prodotto\/pivoine\/#breadcrumb"},"inLanguage":"it-IT","potentialAction":[{"@type":"ReadAction","target":["https:\/\/www.manosgerakinis.com\/parfums\/it\/prodotto\/pivoine\/"]}]},{"@type":"ImageObject","inLanguage":"it-IT","@id":"https:\/\/www.manosgerakinis.com\/parfums\/it\/prodotto\/pivoine\/#primaryimage","url":"https:\/\/www.manosgerakinis.com\/parfums\/wp-content\/uploads\/2024\/09\/pivoine.jpg","contentUrl":"https:\/\/www.manosgerakinis.com\/parfums\/wp-content\/uploads\/2024\/09\/pivoine.jpg","width":1514,"height":1515},{"@type":"BreadcrumbList","@id":"https:\/\/www.manosgerakinis.com\/parfums\/it\/prodotto\/pivoine\/#breadcrumb","itemListElement":[{"@type":"ListItem","position":1,"name":"Home","item":"https:\/\/www.manosgerakinis.com\/parfums\/it\/"},{"@type":"ListItem","position":2,"name":"Le Nostre Creazioni","item":"https:\/\/www.manosgerakinis.com\/parfums\/it\/le-nostre-creazioni\/"},{"@type":"ListItem","position":3,"name":"PIVOINE"}]},{"@type":"WebSite","@id":"https:\/\/www.manosgerakinis.com\/parfums\/#website","url":"https:\/\/www.manosgerakinis.com\/parfums\/","name":"Manos Gerakinis Parfums","description":"The only real luxury is time, make yours fragrantly memorable","potentialAction":[{"@type":"SearchAction","target":{"@type":"EntryPoint","urlTemplate":"https:\/\/www.manosgerakinis.com\/parfums\/?s={search_term_string}"},"query-input":{"@type":"PropertyValueSpecification","valueRequired":true,"valueName":"search_term_string"}}],"inLanguage":"it-IT"}]}},"_links":{"self":[{"href":"https:\/\/www.manosgerakinis.com\/parfums\/it\/wp-json\/wp\/v2\/product\/2780","targetHints":{"allow":["GET"]}}],"collection":[{"href":"https:\/\/www.manosgerakinis.com\/parfums\/it\/wp-json\/wp\/v2\/product"}],"about":[{"href":"https:\/\/www.manosgerakinis.com\/parfums\/it\/wp-json\/wp\/v2\/types\/product"}],"replies":[{"embeddable":true,"href":"https:\/\/www.manosgerakinis.com\/parfums\/it\/wp-json\/wp\/v2\/comments?post=2780"}],"wp:featuredmedia":[{"embeddable":true,"href":"https:\/\/www.manosgerakinis.com\/parfums\/it\/wp-json\/wp\/v2\/media\/4821"}],"wp:attachment":[{"href":"https:\/\/www.manosgerakinis.com\/parfums\/it\/wp-json\/wp\/v2\/media?parent=2780"}],"wp:term":[{"taxonomy":"product_cat","embeddable":true,"href":"https:\/\/www.manosgerakinis.com\/parfums\/it\/wp-json\/wp\/v2\/product_cat?post=2780"},{"taxonomy":"product_tag","embeddable":true,"href":"https:\/\/www.manosgerakinis.com\/parfums\/it\/wp-json\/wp\/v2\/product_tag?post=2780"}],"curies":[{"name":"wp","href":"https:\/\/api.w.org\/{rel}","templated":true}]}}