{"id":6086,"date":"2025-10-02T09:22:21","date_gmt":"2025-10-02T09:22:21","guid":{"rendered":"https:\/\/www.manosgerakinis.com\/parfums\/?post_type=product&#038;p=6086"},"modified":"2025-10-02T14:34:11","modified_gmt":"2025-10-02T14:34:11","slug":"discovery-bundle","status":"publish","type":"product","link":"https:\/\/www.manosgerakinis.com\/parfums\/product\/discovery-bundle\/","title":{"rendered":"DISCOVERY BUNDLE"},"content":{"rendered":"<p><strong>DISCOVERY BUNDLE (12\u00d73ML SAMPLES + \u20ac20 &amp; \u20ac25 SHOPPING VOUCHERS)<\/strong><\/p>\n<p>Our Discovery Bundle includes twelve generous (12\u00d73ml) samples, split in two sets that come individually packaged in elegant blue boxes. Set I comprises 6\u00d73ml samples of our floral and gourmand fragrances. Set II comprises 6\u00d73ml samples of our most powerful and dynamic fragrances. Additionally, you will receive two shopping vouchers: a \u20ac20 one for the purchase of any 100ml fragrance included in Set I and a \u20ac25 one for the purchase of any 100ml fragrance included in Set II.<\/p>\n<p><strong>Fragrances included in Set I:<\/strong><br \/>\nIMMORTELLE, PIVOINE, ROSE PO\u00c9TIQUE, ME\u0398EXIS, SE\u039bENE, WILD TUBEROSE (Eaux de Parfum)<\/p>\n<p><strong>Fragrances included in Set II:<\/strong><br \/>\nCITRINE (Extrait de Parfum) &amp;<br \/>\nQUINTESSENCE, SILLAGE ROYAL, SILLAGE X, OMEN, IMPERIAL MALT (Eaux de Parfum)<\/p>\n<p>Made in Greece with plant based alcohol.<\/p>\n<p>A full list of ingredients is featured at the product page of each individual fragrance.<\/p>\n","protected":false},"excerpt":{"rendered":"<p>DISCOVERY BUNDLE (12\u00d73ML SAMPLES + \u20ac20 &amp; \u20ac25 SHOPPING VOUCHERS) Our Discovery Bundle includes twelve generous (12\u00d73ml) samples, split in two sets that come individually packaged in elegant blue boxes. Set I comprises 6\u00d73ml samples of our floral and gourmand fragrances. Set II comprises 6\u00d73ml samples of our most powerful and dynamic fragrances. Additionally, you [&hellip;]<\/p>\n","protected":false},"featured_media":6110,"comment_status":"open","ping_status":"closed","template":"","meta":[],"product_cat":[315,16],"product_tag":[],"class_list":["post-6086","product","type-product","status-publish","has-post-thumbnail","hentry","product_cat-discovery-sets","product_cat-perfumes"],"acf":[],"yoast_head":"<!-- This site is optimized with the Yoast SEO plugin v25.8 - https:\/\/yoast.com\/wordpress\/plugins\/seo\/ -->\n<title>DISCOVERY BUNDLE - Manos Gerakinis Parfums<\/title>\n<meta name=\"robots\" content=\"index, follow, max-snippet:-1, max-image-preview:large, max-video-preview:-1\" \/>\n<link rel=\"canonical\" href=\"https:\/\/www.manosgerakinis.com\/parfums\/product\/discovery-bundle\/\" \/>\n<meta property=\"og:locale\" content=\"en_US\" \/>\n<meta property=\"og:type\" content=\"article\" \/>\n<meta property=\"og:title\" content=\"DISCOVERY BUNDLE - Manos Gerakinis Parfums\" \/>\n<meta property=\"og:description\" content=\"DISCOVERY BUNDLE (12\u00d73ML SAMPLES + \u20ac20 &amp; \u20ac25 SHOPPING VOUCHERS) Our Discovery Bundle includes twelve generous (12\u00d73ml) samples, split in two sets that come individually packaged in elegant blue boxes. Set I comprises 6\u00d73ml samples of our floral and gourmand fragrances. Set II comprises 6\u00d73ml samples of our most powerful and dynamic fragrances. Additionally, you [&hellip;]\" \/>\n<meta property=\"og:url\" content=\"https:\/\/www.manosgerakinis.com\/parfums\/product\/discovery-bundle\/\" \/>\n<meta property=\"og:site_name\" content=\"Manos Gerakinis Parfums\" \/>\n<meta property=\"article:modified_time\" content=\"2025-10-02T14:34:11+00:00\" \/>\n<meta property=\"og:image\" content=\"https:\/\/www.manosgerakinis.com\/parfums\/wp-content\/uploads\/2025\/09\/BUNDLE.jpg\" \/>\n\t<meta property=\"og:image:width\" content=\"1500\" \/>\n\t<meta property=\"og:image:height\" content=\"1500\" \/>\n\t<meta property=\"og:image:type\" content=\"image\/jpeg\" \/>\n<meta name=\"twitter:card\" content=\"summary_large_image\" \/>\n<meta name=\"twitter:label1\" content=\"Est. reading time\" \/>\n\t<meta name=\"twitter:data1\" content=\"1 minute\" \/>\n<script type=\"application\/ld+json\" class=\"yoast-schema-graph\">{\"@context\":\"https:\/\/schema.org\",\"@graph\":[{\"@type\":\"WebPage\",\"@id\":\"https:\/\/www.manosgerakinis.com\/parfums\/product\/discovery-bundle\/\",\"url\":\"https:\/\/www.manosgerakinis.com\/parfums\/product\/discovery-bundle\/\",\"name\":\"DISCOVERY BUNDLE - Manos Gerakinis Parfums\",\"isPartOf\":{\"@id\":\"https:\/\/www.manosgerakinis.com\/parfums\/#website\"},\"primaryImageOfPage\":{\"@id\":\"https:\/\/www.manosgerakinis.com\/parfums\/product\/discovery-bundle\/#primaryimage\"},\"image\":{\"@id\":\"https:\/\/www.manosgerakinis.com\/parfums\/product\/discovery-bundle\/#primaryimage\"},\"thumbnailUrl\":\"https:\/\/www.manosgerakinis.com\/parfums\/wp-content\/uploads\/2025\/09\/BUNDLE.jpg\",\"datePublished\":\"2025-10-02T09:22:21+00:00\",\"dateModified\":\"2025-10-02T14:34:11+00:00\",\"breadcrumb\":{\"@id\":\"https:\/\/www.manosgerakinis.com\/parfums\/product\/discovery-bundle\/#breadcrumb\"},\"inLanguage\":\"en-US\",\"potentialAction\":[{\"@type\":\"ReadAction\",\"target\":[\"https:\/\/www.manosgerakinis.com\/parfums\/product\/discovery-bundle\/\"]}]},{\"@type\":\"ImageObject\",\"inLanguage\":\"en-US\",\"@id\":\"https:\/\/www.manosgerakinis.com\/parfums\/product\/discovery-bundle\/#primaryimage\",\"url\":\"https:\/\/www.manosgerakinis.com\/parfums\/wp-content\/uploads\/2025\/09\/BUNDLE.jpg\",\"contentUrl\":\"https:\/\/www.manosgerakinis.com\/parfums\/wp-content\/uploads\/2025\/09\/BUNDLE.jpg\",\"width\":1500,\"height\":1500},{\"@type\":\"BreadcrumbList\",\"@id\":\"https:\/\/www.manosgerakinis.com\/parfums\/product\/discovery-bundle\/#breadcrumb\",\"itemListElement\":[{\"@type\":\"ListItem\",\"position\":1,\"name\":\"Home\",\"item\":\"https:\/\/www.manosgerakinis.com\/parfums\/\"},{\"@type\":\"ListItem\",\"position\":2,\"name\":\"Our Creations\",\"item\":\"https:\/\/www.manosgerakinis.com\/parfums\/shop\/\"},{\"@type\":\"ListItem\",\"position\":3,\"name\":\"DISCOVERY BUNDLE\"}]},{\"@type\":\"WebSite\",\"@id\":\"https:\/\/www.manosgerakinis.com\/parfums\/#website\",\"url\":\"https:\/\/www.manosgerakinis.com\/parfums\/\",\"name\":\"Manos Gerakinis Parfums\",\"description\":\"The only real luxury is time, make yours fragrantly memorable\",\"potentialAction\":[{\"@type\":\"SearchAction\",\"target\":{\"@type\":\"EntryPoint\",\"urlTemplate\":\"https:\/\/www.manosgerakinis.com\/parfums\/?s={search_term_string}\"},\"query-input\":{\"@type\":\"PropertyValueSpecification\",\"valueRequired\":true,\"valueName\":\"search_term_string\"}}],\"inLanguage\":\"en-US\"}]}<\/script>\n<!-- \/ Yoast SEO plugin. -->","yoast_head_json":{"title":"DISCOVERY BUNDLE - Manos Gerakinis Parfums","robots":{"index":"index","follow":"follow","max-snippet":"max-snippet:-1","max-image-preview":"max-image-preview:large","max-video-preview":"max-video-preview:-1"},"canonical":"https:\/\/www.manosgerakinis.com\/parfums\/product\/discovery-bundle\/","og_locale":"en_US","og_type":"article","og_title":"DISCOVERY BUNDLE - Manos Gerakinis Parfums","og_description":"DISCOVERY BUNDLE (12\u00d73ML SAMPLES + \u20ac20 &amp; \u20ac25 SHOPPING VOUCHERS) Our Discovery Bundle includes twelve generous (12\u00d73ml) samples, split in two sets that come individually packaged in elegant blue boxes. Set I comprises 6\u00d73ml samples of our floral and gourmand fragrances. Set II comprises 6\u00d73ml samples of our most powerful and dynamic fragrances. Additionally, you [&hellip;]","og_url":"https:\/\/www.manosgerakinis.com\/parfums\/product\/discovery-bundle\/","og_site_name":"Manos Gerakinis Parfums","article_modified_time":"2025-10-02T14:34:11+00:00","og_image":[{"width":1500,"height":1500,"url":"https:\/\/www.manosgerakinis.com\/parfums\/wp-content\/uploads\/2025\/09\/BUNDLE.jpg","type":"image\/jpeg"}],"twitter_card":"summary_large_image","twitter_misc":{"Est. reading time":"1 minute"},"schema":{"@context":"https:\/\/schema.org","@graph":[{"@type":"WebPage","@id":"https:\/\/www.manosgerakinis.com\/parfums\/product\/discovery-bundle\/","url":"https:\/\/www.manosgerakinis.com\/parfums\/product\/discovery-bundle\/","name":"DISCOVERY BUNDLE - Manos Gerakinis Parfums","isPartOf":{"@id":"https:\/\/www.manosgerakinis.com\/parfums\/#website"},"primaryImageOfPage":{"@id":"https:\/\/www.manosgerakinis.com\/parfums\/product\/discovery-bundle\/#primaryimage"},"image":{"@id":"https:\/\/www.manosgerakinis.com\/parfums\/product\/discovery-bundle\/#primaryimage"},"thumbnailUrl":"https:\/\/www.manosgerakinis.com\/parfums\/wp-content\/uploads\/2025\/09\/BUNDLE.jpg","datePublished":"2025-10-02T09:22:21+00:00","dateModified":"2025-10-02T14:34:11+00:00","breadcrumb":{"@id":"https:\/\/www.manosgerakinis.com\/parfums\/product\/discovery-bundle\/#breadcrumb"},"inLanguage":"en-US","potentialAction":[{"@type":"ReadAction","target":["https:\/\/www.manosgerakinis.com\/parfums\/product\/discovery-bundle\/"]}]},{"@type":"ImageObject","inLanguage":"en-US","@id":"https:\/\/www.manosgerakinis.com\/parfums\/product\/discovery-bundle\/#primaryimage","url":"https:\/\/www.manosgerakinis.com\/parfums\/wp-content\/uploads\/2025\/09\/BUNDLE.jpg","contentUrl":"https:\/\/www.manosgerakinis.com\/parfums\/wp-content\/uploads\/2025\/09\/BUNDLE.jpg","width":1500,"height":1500},{"@type":"BreadcrumbList","@id":"https:\/\/www.manosgerakinis.com\/parfums\/product\/discovery-bundle\/#breadcrumb","itemListElement":[{"@type":"ListItem","position":1,"name":"Home","item":"https:\/\/www.manosgerakinis.com\/parfums\/"},{"@type":"ListItem","position":2,"name":"Our Creations","item":"https:\/\/www.manosgerakinis.com\/parfums\/shop\/"},{"@type":"ListItem","position":3,"name":"DISCOVERY BUNDLE"}]},{"@type":"WebSite","@id":"https:\/\/www.manosgerakinis.com\/parfums\/#website","url":"https:\/\/www.manosgerakinis.com\/parfums\/","name":"Manos Gerakinis Parfums","description":"The only real luxury is time, make yours fragrantly memorable","potentialAction":[{"@type":"SearchAction","target":{"@type":"EntryPoint","urlTemplate":"https:\/\/www.manosgerakinis.com\/parfums\/?s={search_term_string}"},"query-input":{"@type":"PropertyValueSpecification","valueRequired":true,"valueName":"search_term_string"}}],"inLanguage":"en-US"}]}},"_links":{"self":[{"href":"https:\/\/www.manosgerakinis.com\/parfums\/wp-json\/wp\/v2\/product\/6086","targetHints":{"allow":["GET"]}}],"collection":[{"href":"https:\/\/www.manosgerakinis.com\/parfums\/wp-json\/wp\/v2\/product"}],"about":[{"href":"https:\/\/www.manosgerakinis.com\/parfums\/wp-json\/wp\/v2\/types\/product"}],"replies":[{"embeddable":true,"href":"https:\/\/www.manosgerakinis.com\/parfums\/wp-json\/wp\/v2\/comments?post=6086"}],"wp:featuredmedia":[{"embeddable":true,"href":"https:\/\/www.manosgerakinis.com\/parfums\/wp-json\/wp\/v2\/media\/6110"}],"wp:attachment":[{"href":"https:\/\/www.manosgerakinis.com\/parfums\/wp-json\/wp\/v2\/media?parent=6086"}],"wp:term":[{"taxonomy":"product_cat","embeddable":true,"href":"https:\/\/www.manosgerakinis.com\/parfums\/wp-json\/wp\/v2\/product_cat?post=6086"},{"taxonomy":"product_tag","embeddable":true,"href":"https:\/\/www.manosgerakinis.com\/parfums\/wp-json\/wp\/v2\/product_tag?post=6086"}],"curies":[{"name":"wp","href":"https:\/\/api.w.org\/{rel}","templated":true}]}}